{"id":522,"date":"2023-12-11T21:08:58","date_gmt":"2023-12-11T21:08:58","guid":{"rendered":"https:\/\/converscam.de\/?product=vgate-vlinker-fs-for-forscan-hs-ms-can"},"modified":"2025-08-31T08:16:31","modified_gmt":"2025-08-31T08:16:31","slug":"vgate-vlinker-fs-for-forscan-hs-ms-can","status":"publish","type":"product","link":"https:\/\/converscam.de\/?product=vgate-vlinker-fs-for-forscan-hs-ms-can","title":{"rendered":"Vgate vLinker FS For FORScan HS\/MS-CAN"},"content":{"rendered":"<h2 class=\"blockHeader___LNKYq\">Beschreibung<\/h2>\n<div id=\":r2:\" class=\"visuallyHidden___E1li8\">Vgate vLinker FS ELM327 F\u00fcr Ford FORScan HS\/MS-<\/div>\n<div class=\"description___Wi2sH\" aria-hidden=\"true\">\n<p class=\"paragraph___wH2O0\" style=\"margin: 0px; padding: 0px;\" data-testid=\"DescriptionOnProductPage\">Vgate vLinker FS ELM327 F\u00fcr Ford FORScan HS\/MS-CAN ULME 327 OBD 2 OBD2 Auto Diagnose Scanner Interface Werkzeuge OBDII F\u00fcr Ford\/Mazda<\/p>\n<p class=\"paragraph___wH2O0\" style=\"margin: 12px 0px 0px; padding: 0px;\" data-testid=\"DescriptionOnProductPage\">1. Entwickelt f\u00fcr FORScan<br \/>\nDas FORScan-Team empfiehlt vLinker FS f\u00fcr die erweiterten Funktionen von FORScan, die Ford-Vereinbarungen und -Module.<br \/>\nUnterst\u00fctzung Ford Medium Speed CAN (MS CAN).<\/p>\n<p class=\"paragraph___wH2O0\" style=\"margin: 12px 0px 0px; padding: 0px;\" data-testid=\"DescriptionOnProductPage\">2. Unterst\u00fctzt alle Fahrzeuge, die den OBD-II-Standards entsprechen.<\/p>\n<p class=\"paragraph___wH2O0\" style=\"margin: 12px 0px 0px; padding: 0px;\" data-testid=\"DescriptionOnProductPage\">3. Automatische elektronische Umschaltung<br \/>\nDiese elektronische Umschaltung erm\u00f6glicht es FORScan, auf alle CAN-Busse gleichzeitig zuzugreifen und auf erweiterte Funktionen zuzugreifen, die die klebrigen manuellen Kippschalteradapter nicht zur Verf\u00fcgung stellen k\u00f6nnen.<\/p>\n<p class=\"paragraph___wH2O0\" style=\"margin: 12px 0px 0px; padding: 0px;\" data-testid=\"DescriptionOnProductPage\">4. Kompatibel mit 24V: Es kann nicht nur sicher auf 12V-, sondern auch auf 24V-Systemen verwendet werden.<\/p>\n<p class=\"paragraph___wH2O0\" style=\"margin: 12px 0px 0px; padding: 0px;\" data-testid=\"DescriptionOnProductPage\">5. Schnelle, grundsolide USB-Schnittstellenanbindung: Keine verworfenen Pakete, Datenbesch\u00e4digung, Netzwerkst\u00f6rungen.<\/p>\n<p class=\"paragraph___wH2O0\" style=\"margin: 12px 0px 0px; padding: 0px;\" data-testid=\"DescriptionOnProductPage\">6. vLinker FS ist ein 32-Bit-Prozessor-basiertes Diagnosetool.<\/p>\n<p class=\"paragraph___wH2O0\" style=\"margin: 12px 0px 0px; padding: 0px;\" data-testid=\"DescriptionOnProductPage\">7. Der vLinker FS OBD-Adapter mit schneller USB-Schnittstelle kann die h\u00f6chste Baudrate von 3 MHz erreichen und erm\u00f6glicht es Ihnen, fl\u00fcssigere Grafiken und Echtzeitmesser zu genie\u00dfen.<\/p>\n<p class=\"paragraph___wH2O0\" style=\"margin: 12px 0px 0px; padding: 0px;\" data-testid=\"DescriptionOnProductPage\">8. Lesen und deaktivieren Sie die Pr\u00fcfmaschinenanzeige<br \/>\n\u00dcberpr\u00fcfen Sie den Diagnosecode selbst und erstellen Sie einen intelligenten Autoreparaturplan.<\/p>\n<p class=\"paragraph___wH2O0\" style=\"margin: 12px 0px 0px; padding: 0px;\" data-testid=\"DescriptionOnProductPage\">9. BatterySaver-Technologie<br \/>\nVollautomatischer Standby- und Startmodus: Kein Schalter oder manueller Knopf erforderlich!<br \/>\nDiese Technologie erm\u00f6glicht es Ihnen, den Adapter sicher in die OBD2-Schnittstelle einzuf\u00fchren, ohne ihn zu entfernen, und es wird keine Gefahr f\u00fcr die Autobatterie verursachen.<\/p>\n<p class=\"paragraph___wH2O0\" style=\"margin: 12px 0px 0px; padding: 0px;\" data-testid=\"DescriptionOnProductPage\">10. Unterst\u00fctzt FEPS 18V Programmierung Spannungsausgang.<\/p>\n<p class=\"paragraph___wH2O0\" style=\"margin: 12px 0px 0px; padding: 0px;\" data-testid=\"DescriptionOnProductPage\">11. OBD-Anforderungsbyte bis zu 4128 Bytes, kann die Anforderungen einiger spezieller Langrahmenkommunikation erf\u00fcllen.<\/p>\n<p class=\"paragraph___wH2O0\" style=\"margin: 12px 0px 0px; padding: 0px;\" data-testid=\"DescriptionOnProductPage\">12. Der serielle Puffer betr\u00e4gt 8192 Bytes.<\/p>\n<\/div>\n","protected":false},"excerpt":{"rendered":"<p>Beschreibung Vgate vLinker FS ELM327 F\u00fcr Ford FORScan HS\/MS- Vgate vLinker FS ELM327 F\u00fcr Ford FORScan HS\/MS-CAN ULME 327 OBD 2 OBD2 Auto Diagnose Scanner Interface Werkzeuge OBDII F\u00fcr Ford\/Mazda 1. Entwickelt f\u00fcr FORScan Das FORScan-Team empfiehlt vLinker FS f\u00fcr die erweiterten Funktionen von FORScan, die Ford-Vereinbarungen und -Module. Unterst\u00fctzung Ford Medium Speed CAN (MS [&hellip;]<\/p>\n","protected":false},"featured_media":524,"comment_status":"open","ping_status":"closed","template":"","meta":[],"product_brand":[],"product_cat":[16,25],"product_tag":[],"class_list":{"0":"post-522","1":"product","2":"type-product","3":"status-publish","4":"has-post-thumbnail","6":"product_cat-unkategorisiert","7":"product_cat-zubehoer","9":"first","10":"instock","11":"sale","12":"taxable","13":"shipping-taxable","14":"purchasable","15":"product-type-simple"},"_links":{"self":[{"href":"https:\/\/converscam.de\/index.php?rest_route=\/wp\/v2\/product\/522","targetHints":{"allow":["GET"]}}],"collection":[{"href":"https:\/\/converscam.de\/index.php?rest_route=\/wp\/v2\/product"}],"about":[{"href":"https:\/\/converscam.de\/index.php?rest_route=\/wp\/v2\/types\/product"}],"replies":[{"embeddable":true,"href":"https:\/\/converscam.de\/index.php?rest_route=%2Fwp%2Fv2%2Fcomments&post=522"}],"wp:featuredmedia":[{"embeddable":true,"href":"https:\/\/converscam.de\/index.php?rest_route=\/wp\/v2\/media\/524"}],"wp:attachment":[{"href":"https:\/\/converscam.de\/index.php?rest_route=%2Fwp%2Fv2%2Fmedia&parent=522"}],"wp:term":[{"taxonomy":"product_brand","embeddable":true,"href":"https:\/\/converscam.de\/index.php?rest_route=%2Fwp%2Fv2%2Fproduct_brand&post=522"},{"taxonomy":"product_cat","embeddable":true,"href":"https:\/\/converscam.de\/index.php?rest_route=%2Fwp%2Fv2%2Fproduct_cat&post=522"},{"taxonomy":"product_tag","embeddable":true,"href":"https:\/\/converscam.de\/index.php?rest_route=%2Fwp%2Fv2%2Fproduct_tag&post=522"}],"curies":[{"name":"wp","href":"https:\/\/api.w.org\/{rel}","templated":true}]}}