{"id":343,"date":"2021-04-05T21:21:34","date_gmt":"2021-04-05T21:21:34","guid":{"rendered":"http:\/\/converscam.de\/?post_type=product&#038;p=343"},"modified":"2026-02-03T12:11:54","modified_gmt":"2026-02-03T12:11:54","slug":"austauschkamera-mondeo-smax-fakra","status":"publish","type":"product","link":"https:\/\/converscam.de\/?product=austauschkamera-mondeo-smax-fakra","title":{"rendered":"Austauschkamera Mondeo\/Smax Fakra"},"content":{"rendered":"<h3>R\u00fcckfahrkamera System f\u00fcr Mondeo \/ Smax bis 2014.<\/h3>\n<div>Kunden bem\u00e4ngelten das die Kamera eine sehr schlechte Qualit\u00e4t aufweist.<\/div>\n<div>Zudem vergilbt das Plexi Auge sehr schnell bei der Originalkamera.<\/div>\n<div><\/div>\n<div>Hier ein kosteng\u00fcnstige Nachr\u00fcst- L\u00f6sung.<\/div>\n<div><\/div>\n<div>Ein entsprechender Einbau kann an unseren Standorten Angeboten werden.<\/div>\n","protected":false},"excerpt":{"rendered":"<p>R\u00fcckfahrkamera System f\u00fcr Mondeo \/ Smax bis 2014. Kunden bem\u00e4ngelten das die Kamera eine sehr schlechte Qualit\u00e4t aufweist. Zudem vergilbt das Plexi Auge sehr schnell bei der Originalkamera. Hier ein kosteng\u00fcnstige Nachr\u00fcst- L\u00f6sung. Ein entsprechender Einbau kann an unseren Standorten Angeboten werden.<\/p>\n","protected":false},"featured_media":346,"comment_status":"open","ping_status":"closed","template":"","meta":[],"product_brand":[],"product_cat":[44,45],"product_tag":[],"class_list":{"0":"post-343","1":"product","2":"type-product","3":"status-publish","4":"has-post-thumbnail","6":"product_cat-mondeo-mk4","7":"product_cat-smax-mk1","9":"first","10":"outofstock","11":"taxable","12":"shipping-taxable","13":"purchasable","14":"product-type-simple"},"_links":{"self":[{"href":"https:\/\/converscam.de\/index.php?rest_route=\/wp\/v2\/product\/343","targetHints":{"allow":["GET"]}}],"collection":[{"href":"https:\/\/converscam.de\/index.php?rest_route=\/wp\/v2\/product"}],"about":[{"href":"https:\/\/converscam.de\/index.php?rest_route=\/wp\/v2\/types\/product"}],"replies":[{"embeddable":true,"href":"https:\/\/converscam.de\/index.php?rest_route=%2Fwp%2Fv2%2Fcomments&post=343"}],"wp:featuredmedia":[{"embeddable":true,"href":"https:\/\/converscam.de\/index.php?rest_route=\/wp\/v2\/media\/346"}],"wp:attachment":[{"href":"https:\/\/converscam.de\/index.php?rest_route=%2Fwp%2Fv2%2Fmedia&parent=343"}],"wp:term":[{"taxonomy":"product_brand","embeddable":true,"href":"https:\/\/converscam.de\/index.php?rest_route=%2Fwp%2Fv2%2Fproduct_brand&post=343"},{"taxonomy":"product_cat","embeddable":true,"href":"https:\/\/converscam.de\/index.php?rest_route=%2Fwp%2Fv2%2Fproduct_cat&post=343"},{"taxonomy":"product_tag","embeddable":true,"href":"https:\/\/converscam.de\/index.php?rest_route=%2Fwp%2Fv2%2Fproduct_tag&post=343"}],"curies":[{"name":"wp","href":"https:\/\/api.w.org\/{rel}","templated":true}]}}