{"id":340,"date":"2021-04-05T21:15:32","date_gmt":"2021-04-05T21:15:32","guid":{"rendered":"http:\/\/converscam.de\/?post_type=product&#038;p=340"},"modified":"2023-11-22T21:37:14","modified_gmt":"2023-11-22T21:37:14","slug":"einstellbildschirm-frontkamera","status":"publish","type":"product","link":"https:\/\/converscam.de\/?product=einstellbildschirm-frontkamera","title":{"rendered":"Einstellbildschirm Frontkamera"},"content":{"rendered":"<h3><strong>Einstellbildschirm f\u00fcr das Frontkamerasystem<\/strong><\/h3>\n<p>Hier erwerben Sie einen kleinen Bildschirm der schnell an<\/p>\n<p>die Fahrzeugbatterie angeklemmt werden kann um die Frontkamera schnell und unkompliziert einzustellen.<\/p>\n<p>Beachten Sie bitte das dieses System nur mit unserem Front Kamerasystem kompatibel ist.<\/p>\n<p>Nat\u00fcrlich ist dieses System f\u00fcr unsere Einbaustandorte hilfreich da es die Einbauzeit deutlich verk\u00fcrzt.<\/p>\n","protected":false},"excerpt":{"rendered":"<p>Einstellbildschirm f\u00fcr das Frontkamerasystem Hier erwerben Sie einen kleinen Bildschirm der schnell an die Fahrzeugbatterie angeklemmt werden kann um die Frontkamera schnell und unkompliziert einzustellen. Beachten Sie bitte das dieses System nur mit unserem Front Kamerasystem kompatibel ist. Nat\u00fcrlich ist dieses System f\u00fcr unsere Einbaustandorte hilfreich da es die Einbauzeit deutlich verk\u00fcrzt.<\/p>\n","protected":false},"featured_media":341,"comment_status":"open","ping_status":"closed","template":"","meta":[],"product_brand":[],"product_cat":[42,24,43,25],"product_tag":[],"class_list":{"0":"post-340","1":"product","2":"type-product","3":"status-publish","4":"has-post-thumbnail","6":"product_cat-mustang","7":"product_cat-ford-ranger","8":"product_cat-raptor","9":"product_cat-zubehoer","11":"first","12":"instock","13":"taxable","14":"shipping-taxable","15":"purchasable","16":"product-type-simple"},"_links":{"self":[{"href":"https:\/\/converscam.de\/index.php?rest_route=\/wp\/v2\/product\/340","targetHints":{"allow":["GET"]}}],"collection":[{"href":"https:\/\/converscam.de\/index.php?rest_route=\/wp\/v2\/product"}],"about":[{"href":"https:\/\/converscam.de\/index.php?rest_route=\/wp\/v2\/types\/product"}],"replies":[{"embeddable":true,"href":"https:\/\/converscam.de\/index.php?rest_route=%2Fwp%2Fv2%2Fcomments&post=340"}],"wp:featuredmedia":[{"embeddable":true,"href":"https:\/\/converscam.de\/index.php?rest_route=\/wp\/v2\/media\/341"}],"wp:attachment":[{"href":"https:\/\/converscam.de\/index.php?rest_route=%2Fwp%2Fv2%2Fmedia&parent=340"}],"wp:term":[{"taxonomy":"product_brand","embeddable":true,"href":"https:\/\/converscam.de\/index.php?rest_route=%2Fwp%2Fv2%2Fproduct_brand&post=340"},{"taxonomy":"product_cat","embeddable":true,"href":"https:\/\/converscam.de\/index.php?rest_route=%2Fwp%2Fv2%2Fproduct_cat&post=340"},{"taxonomy":"product_tag","embeddable":true,"href":"https:\/\/converscam.de\/index.php?rest_route=%2Fwp%2Fv2%2Fproduct_tag&post=340"}],"curies":[{"name":"wp","href":"https:\/\/api.w.org\/{rel}","templated":true}]}}