{"id":319,"date":"2021-04-05T19:12:51","date_gmt":"2021-04-05T19:12:51","guid":{"rendered":"http:\/\/converscam.de\/?post_type=product&#038;p=319"},"modified":"2023-11-21T13:51:24","modified_gmt":"2023-11-21T13:51:24","slug":"cm327-adapter","status":"publish","type":"product","link":"https:\/\/converscam.de\/?product=cm327-adapter","title":{"rendered":"ELS Adapter"},"content":{"rendered":"<div>\n<h3>Hochwertiger Chipsatz!<\/h3>\n<\/div>\n<div><\/div>\n<div>\n<p>Zus\u00e4tzlich zu den Funktionen eines herk\u00f6mmlichen OBD Adapters verf\u00fcgt dieser Adapter \u00fcber eine h\u00f6here Geschwindigkeit bei verschiedenen Anwendungen (FORScan)<\/p>\n<div>Zudem erfolgt die Umschaltung zwischen HS- und MS-Can vollautomatisch.<\/div>\n<div>\n<ul>\n<li>Verbindung:&nbsp;<b>USB<\/b><\/li>\n<li>MS-Can Support:&nbsp;<b>Automatisch<\/b><\/li>\n<li>Geeignet zum Programmieren\/Konfigurieren:&nbsp;<b>Ja<\/b><\/li>\n<li>Kompatibel mit:<\/li>\n<li>Forscan:&nbsp;<b>Ja<\/b><\/li>\n<li>ELMConfig:&nbsp;<b>Ja<\/b><\/li>\n<li>UCDS:&nbsp;<b>Nein<\/b><\/li>\n<li>gFDRS:&nbsp;<b>Nein<\/b><\/li>\n<li>FoCCCus:&nbsp;<b>Ja<\/b><\/li>\n<li>Torque:&nbsp;<b>Nein<\/b><\/li>\n<\/ul>\n<\/div>\n<\/div>\n<p><b><\/b><\/p>\n<p><b>Ein USB Stick inkl. Treiber und FORScan liegt dem Adapter bei. <\/b><\/p>\n","protected":false},"excerpt":{"rendered":"<p>Hochwertiger Chipsatz! Zus\u00e4tzlich zu den Funktionen eines herk\u00f6mmlichen OBD Adapters verf\u00fcgt dieser Adapter \u00fcber eine h\u00f6here Geschwindigkeit bei verschiedenen Anwendungen (FORScan) Zudem erfolgt die Umschaltung zwischen HS- und MS-Can vollautomatisch. Verbindung:&nbsp;USB MS-Can Support:&nbsp;Automatisch Geeignet zum Programmieren\/Konfigurieren:&nbsp;Ja Kompatibel mit: Forscan:&nbsp;Ja ELMConfig:&nbsp;Ja UCDS:&nbsp;Nein gFDRS:&nbsp;Nein FoCCCus:&nbsp;Ja Torque:&nbsp;Nein Ein USB Stick inkl. Treiber und FORScan liegt dem Adapter bei.<\/p>\n","protected":false},"featured_media":320,"comment_status":"open","ping_status":"closed","template":"","meta":[],"product_brand":[],"product_cat":[25],"product_tag":[],"class_list":{"0":"post-319","1":"product","2":"type-product","3":"status-publish","4":"has-post-thumbnail","6":"product_cat-zubehoer","8":"first","9":"instock","10":"taxable","11":"shipping-taxable","12":"purchasable","13":"product-type-simple"},"_links":{"self":[{"href":"https:\/\/converscam.de\/index.php?rest_route=\/wp\/v2\/product\/319","targetHints":{"allow":["GET"]}}],"collection":[{"href":"https:\/\/converscam.de\/index.php?rest_route=\/wp\/v2\/product"}],"about":[{"href":"https:\/\/converscam.de\/index.php?rest_route=\/wp\/v2\/types\/product"}],"replies":[{"embeddable":true,"href":"https:\/\/converscam.de\/index.php?rest_route=%2Fwp%2Fv2%2Fcomments&post=319"}],"wp:featuredmedia":[{"embeddable":true,"href":"https:\/\/converscam.de\/index.php?rest_route=\/wp\/v2\/media\/320"}],"wp:attachment":[{"href":"https:\/\/converscam.de\/index.php?rest_route=%2Fwp%2Fv2%2Fmedia&parent=319"}],"wp:term":[{"taxonomy":"product_brand","embeddable":true,"href":"https:\/\/converscam.de\/index.php?rest_route=%2Fwp%2Fv2%2Fproduct_brand&post=319"},{"taxonomy":"product_cat","embeddable":true,"href":"https:\/\/converscam.de\/index.php?rest_route=%2Fwp%2Fv2%2Fproduct_cat&post=319"},{"taxonomy":"product_tag","embeddable":true,"href":"https:\/\/converscam.de\/index.php?rest_route=%2Fwp%2Fv2%2Fproduct_tag&post=319"}],"curies":[{"name":"wp","href":"https:\/\/api.w.org\/{rel}","templated":true}]}}