{"id":318,"date":"2021-04-05T19:01:52","date_gmt":"2021-04-05T19:01:52","guid":{"rendered":"http:\/\/converscam.de\/?post_type=product&#038;p=318"},"modified":"2023-12-17T17:21:40","modified_gmt":"2023-12-17T17:21:40","slug":"tesa-kfz-gewebeband-25mm-isolierband","status":"publish","type":"product","link":"https:\/\/converscam.de\/?product=tesa-kfz-gewebeband-25mm-isolierband","title":{"rendered":"Tesa KFZ Gewebeband 25mm Isolierband"},"content":{"rendered":"<p><b><span style=\"font-family: Times;\">Tesa Klebeband typ 51608, 25m x 19mm Geweband Original Isoband<\/span><\/b><\/p>\n<p><span lang=\"DE\"><span style=\"font-family: Times;\"><br \/>\n<\/span><\/span><span lang=\"DE\"><span style=\"font-family: Times;\">Produkteigenschaften Ger\u00e4uschd\u00e4mpfendes PET-Vliesklebeband mit einer Naturkautschukklebmasse.<\/span><\/span><\/p>\n<p><span lang=\"DE\"><span style=\"font-family: Times;\">PET-Vliesklebeband<\/span><\/span><\/p>\n<ul>\n<li><span lang=\"DE\"><span style=\"font-family: Times;\">\u00a0<\/span><\/span><span style=\"font-family: Times;\"><span lang=\"DE\">Flexibel<\/span><\/span><\/li>\n<li>Abriebfest, alterungsbest\u00e4ndig<\/li>\n<li><span lang=\"DE\" style=\"font-family: Times;\">Handeinrei\u00dfbar<\/span><\/li>\n<li>Farbe: Schwarz<\/li>\n<li><span lang=\"DE\"><span style=\"font-family: Times;\">L\u00e4nge 25 m<\/span><\/span><\/li>\n<li><span style=\"font-family: Times;\"><span lang=\"DE\">Breite<\/span><em> 25<\/em>\u00a0mm<\/span><\/li>\n<\/ul>\n<p><span style=\"font-family: Times;\">\u00a0<\/span><span lang=\"DE\"><span style=\"font-family: Times;\">Hauptanwendung<\/span><\/span><\/p>\n<ul>\n<li><span style=\"font-family: Times;\"><span lang=\"DE\">Kabelsatzwicklung f\u00fcr Kabels\u00e4tze im Fahrzeuginnenraum<\/span><\/span><\/li>\n<li><span style=\"font-family: Times;\"><span lang=\"DE\">Isolierung<\/span><\/span><\/li>\n<\/ul>\n<table border=\"1\" cellspacing=\"0\" cellpadding=\"0\">\n<tbody>\n<tr>\n<td colspan=\"2\" width=\"624\">\n<p align=\"center\"><b><span lang=\"EN-US\"><span style=\"font-family: Times;\">Technische Daten<\/span><\/span><\/b><\/p>\n<\/td>\n<\/tr>\n<tr>\n<td width=\"377\"><span lang=\"EN-US\"><span style=\"font-family: Times;\">Tr\u00e4germaterial<\/span><\/span><\/td>\n<td width=\"247\"><span lang=\"EN-US\"><span style=\"font-family: Times;\">PET-Vlies<\/span><\/span><\/td>\n<\/tr>\n<tr>\n<td width=\"377\"><span lang=\"EN-US\"><span style=\"font-family: Times;\">Dicke<\/span><\/span><\/td>\n<td width=\"247\"><span lang=\"EN-US\"><span style=\"font-family: Times;\">280 \u00b5m<\/span><\/span><\/td>\n<\/tr>\n<tr>\n<td width=\"377\"><span lang=\"EN-US\"><span style=\"font-family: Times;\">Klebmasse<\/span><\/span><\/td>\n<td width=\"247\"><span lang=\"EN-US\"><span style=\"font-family: Times;\">Naturkautschuk<\/span><\/span><\/td>\n<\/tr>\n<tr>\n<td width=\"377\"><span lang=\"EN-US\"><span style=\"font-family: Times;\">Klebkraft auf Stahl<\/span><\/span><\/td>\n<td width=\"247\"><span lang=\"EN-US\"><span style=\"font-family: Times;\">3 N\/cm<\/span><\/span><\/td>\n<\/tr>\n<tr>\n<td width=\"377\"><span lang=\"EN-US\"><span style=\"font-family: Times;\">Rei\u00dfdehnung<\/span><\/span><\/td>\n<td width=\"247\"><span lang=\"EN-US\"><span style=\"font-family: Times;\">20 %<\/span><\/span><\/td>\n<\/tr>\n<tr>\n<td width=\"377\"><span lang=\"EN-US\"><span style=\"font-family: Times;\">Rei\u00dfkraft<\/span><\/span><\/td>\n<td width=\"247\"><span lang=\"EN-US\"><span style=\"font-family: Times;\">40 N\/cm<\/span><\/span><\/td>\n<\/tr>\n<tr>\n<td width=\"377\"><span lang=\"EN-US\"><span style=\"font-family: Times;\">Abrollkraft (Rollenbreite \u2264 9mm)<\/span><\/span><\/td>\n<td width=\"247\"><span lang=\"EN-US\"><span style=\"font-family: Times;\">4,6 N\/roll (30 m\/min)<\/span><\/span><\/td>\n<\/tr>\n<tr>\n<td width=\"377\"><span lang=\"EN-US\"><span style=\"font-family: Times;\">Abrollkraft (Rollenbreite &gt; 9mm)<\/span><\/span><\/td>\n<td width=\"247\"><span lang=\"EN-US\"><span style=\"font-family: Times;\">9 N\/roll (30 m\/min)<\/span><\/span><\/td>\n<\/tr>\n<tr>\n<td width=\"377\"><span lang=\"EN-US\"><span style=\"font-family: Times;\">Ger\u00e4uschd\u00e4mpfung (Dezibel)<\/span><\/span><\/td>\n<td width=\"247\"><span lang=\"EN-US\"><span style=\"font-family: Times;\">Class C (acc. LV312)<\/span><\/span><\/td>\n<\/tr>\n<\/tbody>\n<\/table>\n<p>&nbsp;<\/p>\n","protected":false},"excerpt":{"rendered":"<p>Tesa Klebeband typ 51608, 25m x 19mm Geweband Original Isoband Produkteigenschaften Ger\u00e4uschd\u00e4mpfendes PET-Vliesklebeband mit einer Naturkautschukklebmasse. PET-Vliesklebeband \u00a0Flexibel Abriebfest, alterungsbest\u00e4ndig Handeinrei\u00dfbar Farbe: Schwarz L\u00e4nge 25 m Breite 25\u00a0mm \u00a0Hauptanwendung Kabelsatzwicklung f\u00fcr Kabels\u00e4tze im Fahrzeuginnenraum Isolierung Technische Daten Tr\u00e4germaterial PET-Vlies Dicke 280 \u00b5m Klebmasse Naturkautschuk Klebkraft auf Stahl 3 N\/cm Rei\u00dfdehnung 20 % Rei\u00dfkraft 40 N\/cm [&hellip;]<\/p>\n","protected":false},"featured_media":315,"comment_status":"open","ping_status":"closed","template":"","meta":[],"product_brand":[],"product_cat":[25],"product_tag":[39,19,41,18,40],"class_list":{"0":"post-318","1":"product","2":"type-product","3":"status-publish","4":"has-post-thumbnail","6":"product_cat-zubehoer","7":"product_tag-converscam","8":"product_tag-ford","9":"product_tag-koeln","10":"product_tag-rueckfahrkamera","11":"product_tag-tesa","13":"first","14":"instock","15":"taxable","16":"shipping-taxable","17":"purchasable","18":"product-type-simple"},"_links":{"self":[{"href":"https:\/\/converscam.de\/index.php?rest_route=\/wp\/v2\/product\/318","targetHints":{"allow":["GET"]}}],"collection":[{"href":"https:\/\/converscam.de\/index.php?rest_route=\/wp\/v2\/product"}],"about":[{"href":"https:\/\/converscam.de\/index.php?rest_route=\/wp\/v2\/types\/product"}],"replies":[{"embeddable":true,"href":"https:\/\/converscam.de\/index.php?rest_route=%2Fwp%2Fv2%2Fcomments&post=318"}],"wp:featuredmedia":[{"embeddable":true,"href":"https:\/\/converscam.de\/index.php?rest_route=\/wp\/v2\/media\/315"}],"wp:attachment":[{"href":"https:\/\/converscam.de\/index.php?rest_route=%2Fwp%2Fv2%2Fmedia&parent=318"}],"wp:term":[{"taxonomy":"product_brand","embeddable":true,"href":"https:\/\/converscam.de\/index.php?rest_route=%2Fwp%2Fv2%2Fproduct_brand&post=318"},{"taxonomy":"product_cat","embeddable":true,"href":"https:\/\/converscam.de\/index.php?rest_route=%2Fwp%2Fv2%2Fproduct_cat&post=318"},{"taxonomy":"product_tag","embeddable":true,"href":"https:\/\/converscam.de\/index.php?rest_route=%2Fwp%2Fv2%2Fproduct_tag&post=318"}],"curies":[{"name":"wp","href":"https:\/\/api.w.org\/{rel}","templated":true}]}}