{"id":279,"date":"2021-04-04T16:44:42","date_gmt":"2021-04-04T16:44:42","guid":{"rendered":"http:\/\/converscam.de\/?post_type=product&#038;p=279"},"modified":"2024-06-04T04:47:15","modified_gmt":"2024-06-04T04:47:15","slug":"original-ford-mondeo-mk5-rueckfahrkamera","status":"publish","type":"product","link":"https:\/\/converscam.de\/?product=original-ford-mondeo-mk5-rueckfahrkamera","title":{"rendered":"Original Ford Mondeo MK5 R\u00fcckfahrkamera"},"content":{"rendered":"<div id=\"shopify-section-site-header\" class=\"shopify-section site-header-section is-sticky\">\n<section class=\"site-header\" data-section-id=\"site-header\" data-section-type=\"site-header\">\n<div class=\"banner-container\" data-banners=\"container\">\n<div class=\"banner-container__inner\"><strong>Artikelbeschreibung<\/strong><\/div>\n<\/div>\n<\/section>\n<\/div>\n<div id=\"shopify-section-product-template\" class=\"shopify-section\">\n<div class=\"template-product__container\">\n<section class=\"product-tabs\" data-product-tabs=\"\">\n<div class=\"product-tabs__content\">\n<div class=\"product-tabs__content-wrapper product-tabs__content-wrapper--description active\" data-product-tabs-content=\"description\">\n<div class=\"rte\">\n<div class=\"read-more js-read-more\" data-readmore=\"\" data-rm-words=\"100\">\n<p>Eine perfekte Integration, Speziell f\u00fcr ihr Fahrzeug. R\u00fcsten Sie doch einfach<br \/>\ndie Originale R\u00fcckfahrkamera in Ihrem Fahrzeug nach. Schnell und Kosteng\u00fcnstig.<\/p>\n<ul>\n<li>Kabelbaum Fahrzeugspezifisch<\/li>\n<li>Original Stecker<\/li>\n<li>Mitlenkende Linien<\/li>\n<li>Original Ford Parts<\/li>\n<li>Blende Heck muss lackiert werden und wird unlackiert geliefert.<\/li>\n<\/ul>\n<p><b>Bitte beachten Sie das dieses Set eine spezielle Freischaltung in mehreren Steuerger\u00e4ten ben\u00f6tigt.<br \/>\nDie Freischaltung werden an allen Conversmod Standorten vorgenommen.<\/b><\/p>\n<\/div>\n<\/div>\n<\/div>\n<\/div>\n<\/section>\n<\/div>\n<\/div>\n","protected":false},"excerpt":{"rendered":"<p>Artikelbeschreibung Eine perfekte Integration, Speziell f\u00fcr ihr Fahrzeug. R\u00fcsten Sie doch einfach die Originale R\u00fcckfahrkamera in Ihrem Fahrzeug nach. Schnell und Kosteng\u00fcnstig. Kabelbaum Fahrzeugspezifisch Original Stecker Mitlenkende Linien Original Ford Parts Blende Heck muss lackiert werden und wird unlackiert geliefert. Bitte beachten Sie das dieses Set eine spezielle Freischaltung in mehreren Steuerger\u00e4ten ben\u00f6tigt. Die Freischaltung [&hellip;]<\/p>\n","protected":false},"featured_media":164,"comment_status":"closed","ping_status":"closed","template":"","meta":[],"product_brand":[],"product_cat":[34],"product_tag":[],"class_list":{"0":"post-279","1":"product","2":"type-product","3":"status-publish","4":"has-post-thumbnail","6":"product_cat-mondeo-mk5","8":"first","9":"instock","10":"downloadable","11":"taxable","12":"shipping-taxable","13":"purchasable","14":"product-type-simple"},"_links":{"self":[{"href":"https:\/\/converscam.de\/index.php?rest_route=\/wp\/v2\/product\/279","targetHints":{"allow":["GET"]}}],"collection":[{"href":"https:\/\/converscam.de\/index.php?rest_route=\/wp\/v2\/product"}],"about":[{"href":"https:\/\/converscam.de\/index.php?rest_route=\/wp\/v2\/types\/product"}],"replies":[{"embeddable":true,"href":"https:\/\/converscam.de\/index.php?rest_route=%2Fwp%2Fv2%2Fcomments&post=279"}],"wp:featuredmedia":[{"embeddable":true,"href":"https:\/\/converscam.de\/index.php?rest_route=\/wp\/v2\/media\/164"}],"wp:attachment":[{"href":"https:\/\/converscam.de\/index.php?rest_route=%2Fwp%2Fv2%2Fmedia&parent=279"}],"wp:term":[{"taxonomy":"product_brand","embeddable":true,"href":"https:\/\/converscam.de\/index.php?rest_route=%2Fwp%2Fv2%2Fproduct_brand&post=279"},{"taxonomy":"product_cat","embeddable":true,"href":"https:\/\/converscam.de\/index.php?rest_route=%2Fwp%2Fv2%2Fproduct_cat&post=279"},{"taxonomy":"product_tag","embeddable":true,"href":"https:\/\/converscam.de\/index.php?rest_route=%2Fwp%2Fv2%2Fproduct_tag&post=279"}],"curies":[{"name":"wp","href":"https:\/\/api.w.org\/{rel}","templated":true}]}}