{"id":241,"date":"2021-04-03T18:48:02","date_gmt":"2021-04-03T18:48:02","guid":{"rendered":"http:\/\/converscam.de\/?post_type=product&#038;p=241"},"modified":"2025-06-26T15:30:21","modified_gmt":"2025-06-26T15:30:21","slug":"original-ford-s-max-mk2-nachruestset","status":"publish","type":"product","link":"https:\/\/converscam.de\/?product=original-ford-s-max-mk2-nachruestset","title":{"rendered":"Original Ford S-MAX MK2 R\u00fcckfahrkamera"},"content":{"rendered":"<div id=\"shopify-section-site-header\" class=\"shopify-section site-header-section is-sticky\">\n<section class=\"site-header\" data-section-id=\"site-header\" data-section-type=\"site-header\">\n<div class=\"banner-container\" data-banners=\"container\">\n<div class=\"banner-container__inner\"><strong>Artikelbeschreibung<\/strong><\/div>\n<\/div>\n<\/section>\n<\/div>\n<div id=\"shopify-section-product-template\" class=\"shopify-section\">\n<div class=\"template-product__container\">\n<section class=\"product-tabs\" data-product-tabs=\"\">\n<div class=\"product-tabs__content\">\n<div class=\"product-tabs__content-wrapper product-tabs__content-wrapper--description active\" data-product-tabs-content=\"description\">\n<div class=\"rte\">\n<div class=\"read-more js-read-more\" data-readmore=\"\" data-rm-words=\"100\">\n<p>Eine perfekte Integration, Speziell f\u00fcr ihr Fahrzeug. R\u00fcsten Sie doch einfach<br \/>\ndie Originale R\u00fcckfahrkamera in Ihrem Fahrzeug nach. Schnell und Kosteng\u00fcnstig.<\/p>\n<ul>\n<li>Kabelbaum Fahrzeugspezifisch<\/li>\n<li>Original Stecker<\/li>\n<li>Mitlenkende Linien<\/li>\n<li>Original Ford Parts<\/li>\n<li>Leicht nachzur\u00fcsten<\/li>\n<\/ul>\n<p><b>Bitte beachten Sie das dieses Set eine spezielle Freischaltung in mehreren Steuerger\u00e4ten ben\u00f6tigt.<br \/>\nDie Freischaltung werden an allen Conversmod Standorten vorgenommen.<\/b><\/p>\n<\/div>\n<\/div>\n<\/div>\n<\/div>\n<\/section>\n<\/div>\n<\/div>\n","protected":false},"excerpt":{"rendered":"<p>Artikelbeschreibung Eine perfekte Integration, Speziell f\u00fcr ihr Fahrzeug. R\u00fcsten Sie doch einfach die Originale R\u00fcckfahrkamera in Ihrem Fahrzeug nach. Schnell und Kosteng\u00fcnstig. Kabelbaum Fahrzeugspezifisch Original Stecker Mitlenkende Linien Original Ford Parts Leicht nachzur\u00fcsten Bitte beachten Sie das dieses Set eine spezielle Freischaltung in mehreren Steuerger\u00e4ten ben\u00f6tigt. Die Freischaltung werden an allen Conversmod Standorten vorgenommen.<\/p>\n","protected":false},"featured_media":202,"comment_status":"closed","ping_status":"closed","template":"","meta":[],"product_brand":[],"product_cat":[28],"product_tag":[],"class_list":{"0":"post-241","1":"product","2":"type-product","3":"status-publish","4":"has-post-thumbnail","6":"product_cat-s-max-mk2","8":"first","9":"instock","10":"downloadable","11":"taxable","12":"shipping-taxable","13":"purchasable","14":"product-type-simple"},"_links":{"self":[{"href":"https:\/\/converscam.de\/index.php?rest_route=\/wp\/v2\/product\/241","targetHints":{"allow":["GET"]}}],"collection":[{"href":"https:\/\/converscam.de\/index.php?rest_route=\/wp\/v2\/product"}],"about":[{"href":"https:\/\/converscam.de\/index.php?rest_route=\/wp\/v2\/types\/product"}],"replies":[{"embeddable":true,"href":"https:\/\/converscam.de\/index.php?rest_route=%2Fwp%2Fv2%2Fcomments&post=241"}],"wp:featuredmedia":[{"embeddable":true,"href":"https:\/\/converscam.de\/index.php?rest_route=\/wp\/v2\/media\/202"}],"wp:attachment":[{"href":"https:\/\/converscam.de\/index.php?rest_route=%2Fwp%2Fv2%2Fmedia&parent=241"}],"wp:term":[{"taxonomy":"product_brand","embeddable":true,"href":"https:\/\/converscam.de\/index.php?rest_route=%2Fwp%2Fv2%2Fproduct_brand&post=241"},{"taxonomy":"product_cat","embeddable":true,"href":"https:\/\/converscam.de\/index.php?rest_route=%2Fwp%2Fv2%2Fproduct_cat&post=241"},{"taxonomy":"product_tag","embeddable":true,"href":"https:\/\/converscam.de\/index.php?rest_route=%2Fwp%2Fv2%2Fproduct_tag&post=241"}],"curies":[{"name":"wp","href":"https:\/\/api.w.org\/{rel}","templated":true}]}}