{"id":230,"date":"2021-04-02T22:25:04","date_gmt":"2021-04-02T22:25:04","guid":{"rendered":"http:\/\/converscam.de\/?post_type=product&#038;p=230"},"modified":"2026-01-14T20:05:59","modified_gmt":"2026-01-14T20:05:59","slug":"original-ford-dashcam-sync3","status":"publish","type":"product","link":"https:\/\/converscam.de\/?product=original-ford-dashcam-sync3","title":{"rendered":"Original Ford Dashcam Sync3"},"content":{"rendered":"<div id=\"shopify-section-site-header\" class=\"shopify-section site-header-section is-sticky\">\n<section class=\"site-header\" data-section-id=\"site-header\" data-section-type=\"site-header\">\n<div class=\"banner-container\" data-banners=\"container\">\n<div class=\"banner-container__inner\"><strong>Artikelbeschreibung<\/strong><\/div>\n<\/div>\n<\/section>\n<\/div>\n<div id=\"shopify-section-product-template\" class=\"shopify-section\">\n<div class=\"template-product__container\">\n<section class=\"product-tabs\" data-product-tabs=\"\">\n<div class=\"product-tabs__content\">\n<div class=\"product-tabs__content-wrapper product-tabs__content-wrapper--description active\" data-product-tabs-content=\"description\">\n<div class=\"rte\">\n<div class=\"read-more js-read-more\" data-readmore=\"\" data-rm-words=\"100\">\n<p>Eine perfekte Integration, Speziell f\u00fcr ihr FORD-Fahrzeug. Klein um Sie optimal im Bereich des R\u00fcckspiegels zu befestigen, ohne die Sicht des Fahrers nach vorne oder nach hinten einzuschr\u00e4nken. Alle Aufnahmen werden sicher gespeichert und sind jederzeit und \u00fcberall abrufbar. Alle Daten werden bei einem Unfall oder Parkschaden automatisch erfasst und auf der SD-Karte gespeichert. Die Technologie der Weitwinkel-Kamera registriert beinahe alle Zwischenf\u00e4lle rund um das Fahrzeug. Aktuelle Koordinaten, der genaue Standort sowie die Geschwindigkeit werden gespeichert. Mit einer speziellen App und der WLAN Daten\u00fcbertragung\u00a0 k\u00f6nnen die erfassten Daten gesteuert werden. Eine einfache Bedienbarkeit der FORD DashCam ist via Applink anhand der SYNC 3 Display- und Sprachsteuerung garantiert. Unter anderem gibt es eine 139\u00b0 Weitwinkel-Kamera inkl. Full HD-Aufl\u00f6sung. Die Technologie ist bei allen Lichtverh\u00e4ltnissen erstklassick, Die Kamer besitzt einen GPS-Empf\u00e4nger und G-Sensor. 16 GB SD-Karte und Befestigungsmaterial inklusive.<\/p>\n<ul>\n<li>Aufl\u00f6sung: Full HD (1080p)<\/li>\n<li>Bildrate: 60 pro Sekunde<\/li>\n<li>Kamerasensor: Sony<\/li>\n<li>Videoprozessor: Ambarella<\/li>\n<li>Power-Mikroprozessor: NX<\/li>\n<\/ul>\n<p><strong>Kompatibilit\u00e4t in allen Fahrzeugen mit dem Sync3 System<\/strong><\/p>\n<\/div>\n<\/div>\n<\/div>\n<\/div>\n<\/section>\n<\/div>\n<\/div>\n<p>&nbsp;<\/p>\n","protected":false},"excerpt":{"rendered":"<p>Artikelbeschreibung Eine perfekte Integration, Speziell f\u00fcr ihr FORD-Fahrzeug. Klein um Sie optimal im Bereich des R\u00fcckspiegels zu befestigen, ohne die Sicht des Fahrers nach vorne oder nach hinten einzuschr\u00e4nken. Alle Aufnahmen werden sicher gespeichert und sind jederzeit und \u00fcberall abrufbar. Alle Daten werden bei einem Unfall oder Parkschaden automatisch erfasst und auf der SD-Karte gespeichert. [&hellip;]<\/p>\n","protected":false},"featured_media":186,"comment_status":"closed","ping_status":"closed","template":"","meta":[],"product_brand":[],"product_cat":[49,26,37,32,33,29,31,30,34,42,27,24,43,28,38],"product_tag":[],"class_list":{"0":"post-230","1":"product","2":"type-product","3":"status-publish","4":"has-post-thumbnail","6":"product_cat-ranger-ab-2015","7":"product_cat-dashcams","8":"product_cat-edge","9":"product_cat-fiesta-mk8","10":"product_cat-focus-mk3","11":"product_cat-focus-mk4","12":"product_cat-kuga-mk2","13":"product_cat-kuga-mk3","14":"product_cat-mondeo-mk5","15":"product_cat-mustang","16":"product_cat-puma","17":"product_cat-ford-ranger","18":"product_cat-raptor","19":"product_cat-s-max-mk2","20":"product_cat-transit","22":"first","23":"instock","24":"sold-individually","25":"taxable","26":"shipping-taxable","27":"purchasable","28":"product-type-simple"},"_links":{"self":[{"href":"https:\/\/converscam.de\/index.php?rest_route=\/wp\/v2\/product\/230","targetHints":{"allow":["GET"]}}],"collection":[{"href":"https:\/\/converscam.de\/index.php?rest_route=\/wp\/v2\/product"}],"about":[{"href":"https:\/\/converscam.de\/index.php?rest_route=\/wp\/v2\/types\/product"}],"replies":[{"embeddable":true,"href":"https:\/\/converscam.de\/index.php?rest_route=%2Fwp%2Fv2%2Fcomments&post=230"}],"wp:featuredmedia":[{"embeddable":true,"href":"https:\/\/converscam.de\/index.php?rest_route=\/wp\/v2\/media\/186"}],"wp:attachment":[{"href":"https:\/\/converscam.de\/index.php?rest_route=%2Fwp%2Fv2%2Fmedia&parent=230"}],"wp:term":[{"taxonomy":"product_brand","embeddable":true,"href":"https:\/\/converscam.de\/index.php?rest_route=%2Fwp%2Fv2%2Fproduct_brand&post=230"},{"taxonomy":"product_cat","embeddable":true,"href":"https:\/\/converscam.de\/index.php?rest_route=%2Fwp%2Fv2%2Fproduct_cat&post=230"},{"taxonomy":"product_tag","embeddable":true,"href":"https:\/\/converscam.de\/index.php?rest_route=%2Fwp%2Fv2%2Fproduct_tag&post=230"}],"curies":[{"name":"wp","href":"https:\/\/api.w.org\/{rel}","templated":true}]}}