{"id":179,"date":"2021-04-02T17:40:24","date_gmt":"2021-04-02T17:40:24","guid":{"rendered":"http:\/\/converscam.de\/?post_type=product&#038;p=179"},"modified":"2026-02-16T18:34:41","modified_gmt":"2026-02-16T18:34:41","slug":"nachruest-ford-ranger-heckkamera-kopie","status":"publish","type":"product","link":"https:\/\/converscam.de\/?product=nachruest-ford-ranger-heckkamera-kopie","title":{"rendered":"Nachr\u00fcst Ford Ranger R\u00fcckfahrkamera"},"content":{"rendered":"<p style=\"font-weight: 400;\"><b><strong>R\u00fcckfahrkamera einbaufertig mit einem 7200 Chip.<\/strong><\/b><\/p>\n<p style=\"font-weight: 400;\">Die Kamera wird einbaufertig geliefert. Eine individuelle Beschreibung f\u00fcr ihr Fahrzeug k\u00f6nnen Sie per Email erhalten.<\/p>\n<p style=\"font-weight: 400;\">Eine R\u00fcckfahrkamera mit 620 TV-Linien, fast HD Aufl\u00f6sung<\/p>\n<p style=\"font-weight: 400;\">Die Originalkamera ist dagegen absolut unscharf.<\/p>\n<p style=\"font-weight: 400;\"><b><strong>Eigenschaften:<\/strong><\/b><\/p>\n<p>Die R\u00fcckfahrkamera wird mit Hilfe des beiliegenden Ford Emblem Halters an der R\u00fcckseite Ihres Fahrzeuges montiert.<\/p>\n<p style=\"font-weight: 400;\">Durch die hochwertige Qualit\u00e4t ist die Kamera staubdicht und gegen starkes Strahlwasser gesch\u00fctzt. Das Objektiv verschafft Ihnen einen horizontalen Blickwinkel von bis zu 170\u00b0 Grad.<\/p>\n<p><b><strong>Lieferumfang:<\/strong><\/b><br \/>\n1x Kabelbaumadapter<br \/>\n1x Kabelbaum<br \/>\n1x Heckkamera inkl. Ford Halter und Logo<br \/>\n1x Einbauanleitung als Download<\/p>\n","protected":false},"excerpt":{"rendered":"<p>R\u00fcckfahrkamera einbaufertig mit einem 7200 Chip. Die Kamera wird einbaufertig geliefert. Eine individuelle Beschreibung f\u00fcr ihr Fahrzeug k\u00f6nnen Sie per Email erhalten. Eine R\u00fcckfahrkamera mit 620 TV-Linien, fast HD Aufl\u00f6sung Die Originalkamera ist dagegen absolut unscharf. Eigenschaften: Die R\u00fcckfahrkamera wird mit Hilfe des beiliegenden Ford Emblem Halters an der R\u00fcckseite Ihres Fahrzeuges montiert. Durch die [&hellip;]<\/p>\n","protected":false},"featured_media":199,"comment_status":"open","ping_status":"closed","template":"","meta":[],"product_brand":[],"product_cat":[49,24],"product_tag":[19,17,20],"class_list":{"0":"post-179","1":"product","2":"type-product","3":"status-publish","4":"has-post-thumbnail","6":"product_cat-ranger-ab-2015","7":"product_cat-ford-ranger","8":"product_tag-ford","9":"product_tag-kamera","10":"product_tag-ranger","12":"first","13":"instock","14":"downloadable","15":"taxable","16":"shipping-taxable","17":"purchasable","18":"product-type-simple"},"_links":{"self":[{"href":"https:\/\/converscam.de\/index.php?rest_route=\/wp\/v2\/product\/179","targetHints":{"allow":["GET"]}}],"collection":[{"href":"https:\/\/converscam.de\/index.php?rest_route=\/wp\/v2\/product"}],"about":[{"href":"https:\/\/converscam.de\/index.php?rest_route=\/wp\/v2\/types\/product"}],"replies":[{"embeddable":true,"href":"https:\/\/converscam.de\/index.php?rest_route=%2Fwp%2Fv2%2Fcomments&post=179"}],"wp:featuredmedia":[{"embeddable":true,"href":"https:\/\/converscam.de\/index.php?rest_route=\/wp\/v2\/media\/199"}],"wp:attachment":[{"href":"https:\/\/converscam.de\/index.php?rest_route=%2Fwp%2Fv2%2Fmedia&parent=179"}],"wp:term":[{"taxonomy":"product_brand","embeddable":true,"href":"https:\/\/converscam.de\/index.php?rest_route=%2Fwp%2Fv2%2Fproduct_brand&post=179"},{"taxonomy":"product_cat","embeddable":true,"href":"https:\/\/converscam.de\/index.php?rest_route=%2Fwp%2Fv2%2Fproduct_cat&post=179"},{"taxonomy":"product_tag","embeddable":true,"href":"https:\/\/converscam.de\/index.php?rest_route=%2Fwp%2Fv2%2Fproduct_tag&post=179"}],"curies":[{"name":"wp","href":"https:\/\/api.w.org\/{rel}","templated":true}]}}