{"id":204,"date":"2021-04-02T19:17:21","date_gmt":"2021-04-02T19:17:21","guid":{"rendered":"http:\/\/converscam.de\/?page_id=204"},"modified":"2023-12-11T21:50:18","modified_gmt":"2023-12-11T21:50:18","slug":"homepage","status":"publish","type":"page","link":"https:\/\/converscam.de\/","title":{"rendered":"Aktuelle News"},"content":{"rendered":"\t\t<div data-elementor-type=\"wp-page\" data-elementor-id=\"204\" class=\"elementor elementor-204\" data-elementor-post-type=\"page\">\n\t\t\t\t\t\t<section class=\"elementor-section elementor-top-section elementor-element elementor-element-2fea9733 elementor-section-boxed elementor-section-height-default elementor-section-height-default\" data-id=\"2fea9733\" data-element_type=\"section\" data-e-type=\"section\">\n\t\t\t\t\t\t<div class=\"elementor-container elementor-column-gap-default\">\n\t\t\t\t\t<div class=\"elementor-column elementor-col-100 elementor-top-column elementor-element elementor-element-72a52b43\" data-id=\"72a52b43\" data-element_type=\"column\" data-e-type=\"column\">\n\t\t\t<div class=\"elementor-widget-wrap elementor-element-populated\">\n\t\t\t\t\t\t<div class=\"elementor-element elementor-element-5031e348 elementor-widget elementor-widget-text-editor\" data-id=\"5031e348\" data-element_type=\"widget\" data-e-type=\"widget\" data-widget_type=\"text-editor.default\">\n\t\t\t\t<div class=\"elementor-widget-container\">\n\t\t\t\t\t\t\t\t\t<p><\/p>\n<p style=\"text-align: center;\">Willkommen bei Converscam, deinem starken Partner f\u00fcr die Nachr\u00fcstung einer R\u00fcck- oder Frontkamera.<br \/><span style=\"color: var( --e-global-color-text ); font-family: var( --e-global-typography-text-font-family ), Sans-serif; font-weight: var( --e-global-typography-text-font-weight );\"><br \/>Nach gut zwei Jahren hei\u00dft es,\u00a0 Service und Qualit\u00e4t verbessern. In der Vergangenheit war es uns leider nicht immer m\u00f6glich das beste f\u00fcr unsere Kunden zu geben. Daf\u00fcr entschuldigen wir uns und werden nun mit neuer Hardware und speziell angefertigten Kabelb\u00e4umen zur\u00fcckkommen.<\/span><\/p>\n<p><\/p>\n<p><\/p>\n<p><\/p>\n<p><\/p>\n<p><\/p>\n<p><\/p>\n<h2 class=\"wp-block-heading has-text-align-center\">Neueste Produkt<\/h2>\n<p><\/p>\n<p><div data-block-name=\"woocommerce\/product-new\" class=\"wc-block-grid wp-block-product-new wp-block-woocommerce-product-new wc-block-product-new has-3-columns has-multiple-rows\"><ul class=\"wc-block-grid__products\"><li class=\"wc-block-grid__product\">\n\t\t\t\t<a href=\"https:\/\/converscam.de\/?product=apim-kabeladapter-2\" class=\"wc-block-grid__product-link\">\n\t\t\t\t\t\n\t\t\t\t\t<div class=\"wc-block-grid__product-image\"><img fetchpriority=\"high\" decoding=\"async\" width=\"300\" height=\"300\" src=\"https:\/\/converscam.de\/wp-content\/uploads\/2021\/04\/Apim-Kabel_1-300x300.jpg\" class=\"attachment-woocommerce_thumbnail size-woocommerce_thumbnail\" alt=\"Apim Kabeladapter\" srcset=\"https:\/\/converscam.de\/wp-content\/uploads\/2021\/04\/Apim-Kabel_1-300x300.jpg 300w, https:\/\/converscam.de\/wp-content\/uploads\/2021\/04\/Apim-Kabel_1-150x150.jpg 150w, https:\/\/converscam.de\/wp-content\/uploads\/2021\/04\/Apim-Kabel_1-410x410.jpg 410w, https:\/\/converscam.de\/wp-content\/uploads\/2021\/04\/Apim-Kabel_1-100x100.jpg 100w, https:\/\/converscam.de\/wp-content\/uploads\/2021\/04\/Apim-Kabel_1-275x275.jpg 275w, https:\/\/converscam.de\/wp-content\/uploads\/2021\/04\/Apim-Kabel_1-250x250.jpg 250w, https:\/\/converscam.de\/wp-content\/uploads\/2021\/04\/Apim-Kabel_1.jpg 600w\" sizes=\"(max-width: 300px) 100vw, 300px\" \/><\/div>\n\t\t\t\t\t<div class=\"wc-block-grid__product-title\">Apim Kabeladapter<\/div>\n\t\t\t\t<\/a>\n\t\t\t\t<div class=\"wc-block-grid__product-price price\"><span class=\"woocommerce-Price-amount amount\"><span class=\"woocommerce-Price-currencySymbol\">&euro;<\/span>69,00<\/span><\/div>\n\t\t\t\t\n\t\t\t\t<div class=\"wp-block-button wc-block-grid__product-add-to-cart\"><a href=\"\/index.php?rest_route=%2Fwp%2Fv2%2Fpages%2F204&#038;add-to-cart=545\" aria-label=\"In den Warenkorb legen: \u201eApim Kabeladapter\u201c\" data-quantity=\"1\" data-product_id=\"545\" data-product_sku=\"\" data-price=\"69\" rel=\"nofollow\" class=\"wp-block-button__link  add_to_cart_button ajax_add_to_cart\">In den Warenkorb<\/a><\/div>\n\t\t\t<\/li><li class=\"wc-block-grid__product\">\n\t\t\t\t<a href=\"https:\/\/converscam.de\/?product=vgate-vlinker-fs-for-forscan-hs-ms-can\" class=\"wc-block-grid__product-link\">\n\t\t\t\t\t<div class=\"wc-block-grid__product-onsale\">\n\t\t\t<span aria-hidden=\"true\">Angebot<\/span>\n\t\t\t<span class=\"screen-reader-text\">Produkt im Angebot<\/span>\n\t\t<\/div>\n\t\t\t\t\t<div class=\"wc-block-grid__product-image\"><img decoding=\"async\" width=\"300\" height=\"300\" src=\"https:\/\/converscam.de\/wp-content\/uploads\/2023\/12\/96c72769-98f8-4787-9e06-ec2b516a2922-1-300x300.jpeg\" class=\"attachment-woocommerce_thumbnail size-woocommerce_thumbnail\" alt=\"Vgate vLinker FS For FORScan HS\/MS-CAN\" srcset=\"https:\/\/converscam.de\/wp-content\/uploads\/2023\/12\/96c72769-98f8-4787-9e06-ec2b516a2922-1-300x300.jpeg 300w, https:\/\/converscam.de\/wp-content\/uploads\/2023\/12\/96c72769-98f8-4787-9e06-ec2b516a2922-1-150x150.jpeg 150w, https:\/\/converscam.de\/wp-content\/uploads\/2023\/12\/96c72769-98f8-4787-9e06-ec2b516a2922-1-100x100.jpeg 100w\" sizes=\"(max-width: 300px) 100vw, 300px\" \/><\/div>\n\t\t\t\t\t<div class=\"wc-block-grid__product-title\">Vgate vLinker FS For FORScan HS\/MS-CAN<\/div>\n\t\t\t\t<\/a>\n\t\t\t\t<div class=\"wc-block-grid__product-price price\"><del aria-hidden=\"true\"><span class=\"woocommerce-Price-amount amount\"><span class=\"woocommerce-Price-currencySymbol\">&euro;<\/span>59,95<\/span><\/del> <span class=\"screen-reader-text\">Urspr\u00fcnglicher Preis war: &euro;59,95<\/span><ins aria-hidden=\"true\"><span class=\"woocommerce-Price-amount amount\"><span class=\"woocommerce-Price-currencySymbol\">&euro;<\/span>47,54<\/span><\/ins><span class=\"screen-reader-text\">Aktueller Preis ist: &euro;47,54.<\/span><\/div>\n\t\t\t\t\n\t\t\t\t<div class=\"wp-block-button wc-block-grid__product-add-to-cart\"><a href=\"\/index.php?rest_route=%2Fwp%2Fv2%2Fpages%2F204&#038;add-to-cart=522\" aria-label=\"In den Warenkorb legen: \u201eVgate vLinker FS For FORScan HS\/MS-CAN\u201c\" data-quantity=\"1\" data-product_id=\"522\" data-product_sku=\"\" data-price=\"47.54\" rel=\"nofollow\" class=\"wp-block-button__link  add_to_cart_button ajax_add_to_cart\">In den Warenkorb<\/a><\/div>\n\t\t\t<\/li><li class=\"wc-block-grid__product\">\n\t\t\t\t<a href=\"https:\/\/converscam.de\/?product=austauschkamera-mondeo-smax-fakra\" class=\"wc-block-grid__product-link\">\n\t\t\t\t\t\n\t\t\t\t\t<div class=\"wc-block-grid__product-image\"><img decoding=\"async\" width=\"300\" height=\"300\" src=\"https:\/\/converscam.de\/wp-content\/uploads\/2021\/04\/mondeo_mk4_1-300x300.jpg\" class=\"attachment-woocommerce_thumbnail size-woocommerce_thumbnail\" alt=\"Austauschkamera Mondeo\/Smax Fakra\" srcset=\"https:\/\/converscam.de\/wp-content\/uploads\/2021\/04\/mondeo_mk4_1-300x300.jpg 300w, https:\/\/converscam.de\/wp-content\/uploads\/2021\/04\/mondeo_mk4_1-150x150.jpg 150w, https:\/\/converscam.de\/wp-content\/uploads\/2021\/04\/mondeo_mk4_1-250x250.jpg 250w, https:\/\/converscam.de\/wp-content\/uploads\/2021\/04\/mondeo_mk4_1-100x100.jpg 100w\" sizes=\"(max-width: 300px) 100vw, 300px\" \/><\/div>\n\t\t\t\t\t<div class=\"wc-block-grid__product-title\">Austauschkamera Mondeo\/Smax Fakra<\/div>\n\t\t\t\t<\/a>\n\t\t\t\t<div class=\"wc-block-grid__product-price price\"><span class=\"woocommerce-Price-amount amount\"><span class=\"woocommerce-Price-currencySymbol\">&euro;<\/span>189,00<\/span><\/div>\n\t\t\t\t\n\t\t\t\t<div class=\"wp-block-button wc-block-grid__product-add-to-cart\"><a href=\"https:\/\/converscam.de\/?product=austauschkamera-mondeo-smax-fakra\" aria-label=\"Lese mehr \u00fcber &#8222;Austauschkamera Mondeo\/Smax Fakra&#8220;\" data-quantity=\"1\" data-product_id=\"343\" data-product_sku=\"Austauschkamera_Fakra\" data-price=\"189\" rel=\"nofollow\" class=\"wp-block-button__link  add_to_cart_button\">Weiterlesen<\/a><\/div>\n\t\t\t<\/li><li class=\"wc-block-grid__product\">\n\t\t\t\t<a href=\"https:\/\/converscam.de\/?product=einstellbildschirm-frontkamera\" class=\"wc-block-grid__product-link\">\n\t\t\t\t\t\n\t\t\t\t\t<div class=\"wc-block-grid__product-image\"><img loading=\"lazy\" decoding=\"async\" width=\"300\" height=\"300\" src=\"https:\/\/converscam.de\/wp-content\/uploads\/2021\/04\/bildschirm_1-300x300.jpg\" class=\"attachment-woocommerce_thumbnail size-woocommerce_thumbnail\" alt=\"Einstellbildschirm Frontkamera\" srcset=\"https:\/\/converscam.de\/wp-content\/uploads\/2021\/04\/bildschirm_1-300x300.jpg 300w, https:\/\/converscam.de\/wp-content\/uploads\/2021\/04\/bildschirm_1-150x150.jpg 150w, https:\/\/converscam.de\/wp-content\/uploads\/2021\/04\/bildschirm_1-250x250.jpg 250w, https:\/\/converscam.de\/wp-content\/uploads\/2021\/04\/bildschirm_1-100x100.jpg 100w\" sizes=\"(max-width: 300px) 100vw, 300px\" \/><\/div>\n\t\t\t\t\t<div class=\"wc-block-grid__product-title\">Einstellbildschirm Frontkamera<\/div>\n\t\t\t\t<\/a>\n\t\t\t\t<div class=\"wc-block-grid__product-price price\"><span class=\"woocommerce-Price-amount amount\"><span class=\"woocommerce-Price-currencySymbol\">&euro;<\/span>49,95<\/span><\/div>\n\t\t\t\t\n\t\t\t\t<div class=\"wp-block-button wc-block-grid__product-add-to-cart\"><a href=\"\/index.php?rest_route=%2Fwp%2Fv2%2Fpages%2F204&#038;add-to-cart=340\" aria-label=\"In den Warenkorb legen: \u201eEinstellbildschirm Frontkamera\u201c\" data-quantity=\"1\" data-product_id=\"340\" data-product_sku=\"Bildschirm_Front\" data-price=\"49.95\" rel=\"nofollow\" class=\"wp-block-button__link  add_to_cart_button ajax_add_to_cart\">In den Warenkorb<\/a><\/div>\n\t\t\t<\/li><li class=\"wc-block-grid__product\">\n\t\t\t\t<a href=\"https:\/\/converscam.de\/?product=hebelwerkzeug\" class=\"wc-block-grid__product-link\">\n\t\t\t\t\t\n\t\t\t\t\t<div class=\"wc-block-grid__product-image\"><img loading=\"lazy\" decoding=\"async\" width=\"300\" height=\"300\" src=\"https:\/\/converscam.de\/wp-content\/uploads\/2021\/04\/Hebewerkzeug-300x300.jpg\" class=\"attachment-woocommerce_thumbnail size-woocommerce_thumbnail\" alt=\"Hebelwerkzeug\" srcset=\"https:\/\/converscam.de\/wp-content\/uploads\/2021\/04\/Hebewerkzeug-300x300.jpg 300w, https:\/\/converscam.de\/wp-content\/uploads\/2021\/04\/Hebewerkzeug-150x150.jpg 150w, https:\/\/converscam.de\/wp-content\/uploads\/2021\/04\/Hebewerkzeug-250x250.jpg 250w, https:\/\/converscam.de\/wp-content\/uploads\/2021\/04\/Hebewerkzeug-100x100.jpg 100w\" sizes=\"(max-width: 300px) 100vw, 300px\" \/><\/div>\n\t\t\t\t\t<div class=\"wc-block-grid__product-title\">Hebelwerkzeug<\/div>\n\t\t\t\t<\/a>\n\t\t\t\t<div class=\"wc-block-grid__product-price price\"><span class=\"woocommerce-Price-amount amount\"><span class=\"woocommerce-Price-currencySymbol\">&euro;<\/span>3,99<\/span><\/div>\n\t\t\t\t\n\t\t\t\t<div class=\"wp-block-button wc-block-grid__product-add-to-cart\"><a href=\"\/index.php?rest_route=%2Fwp%2Fv2%2Fpages%2F204&#038;add-to-cart=337\" aria-label=\"In den Warenkorb legen: \u201eHebelwerkzeug\u201c\" data-quantity=\"1\" data-product_id=\"337\" data-product_sku=\"HEBELWERKZEUG\" data-price=\"3.99\" rel=\"nofollow\" class=\"wp-block-button__link  add_to_cart_button ajax_add_to_cart\">In den Warenkorb<\/a><\/div>\n\t\t\t<\/li><li class=\"wc-block-grid__product\">\n\t\t\t\t<a href=\"https:\/\/converscam.de\/?product=front-kamerasystem-mustang\" class=\"wc-block-grid__product-link\">\n\t\t\t\t\t\n\t\t\t\t\t<div class=\"wc-block-grid__product-image\"><img loading=\"lazy\" decoding=\"async\" width=\"300\" height=\"300\" src=\"https:\/\/converscam.de\/wp-content\/uploads\/2021\/04\/front_1-300x300.jpg\" class=\"attachment-woocommerce_thumbnail size-woocommerce_thumbnail\" alt=\"Front Kamerasystem\" srcset=\"https:\/\/converscam.de\/wp-content\/uploads\/2021\/04\/front_1-300x300.jpg 300w, https:\/\/converscam.de\/wp-content\/uploads\/2021\/04\/front_1-150x150.jpg 150w, https:\/\/converscam.de\/wp-content\/uploads\/2021\/04\/front_1-250x250.jpg 250w, https:\/\/converscam.de\/wp-content\/uploads\/2021\/04\/front_1-100x100.jpg 100w\" sizes=\"(max-width: 300px) 100vw, 300px\" \/><\/div>\n\t\t\t\t\t<div class=\"wc-block-grid__product-title\">Front Kamerasystem<\/div>\n\t\t\t\t<\/a>\n\t\t\t\t<div class=\"wc-block-grid__product-price price\"><span class=\"woocommerce-Price-amount amount\"><span class=\"woocommerce-Price-currencySymbol\">&euro;<\/span>379,00<\/span><\/div>\n\t\t\t\t\n\t\t\t\t<div class=\"wp-block-button wc-block-grid__product-add-to-cart\"><a href=\"\/index.php?rest_route=%2Fwp%2Fv2%2Fpages%2F204&#038;add-to-cart=327\" aria-label=\"In den Warenkorb legen: \u201eFront Kamerasystem\u201c\" data-quantity=\"1\" data-product_id=\"327\" data-product_sku=\"FRONT_ORIGINAL\" data-price=\"379\" rel=\"nofollow\" class=\"wp-block-button__link  add_to_cart_button ajax_add_to_cart\">In den Warenkorb<\/a><\/div>\n\t\t\t<\/li><li class=\"wc-block-grid__product\">\n\t\t\t\t<a href=\"https:\/\/converscam.de\/?product=rueckfahrkamera-universal-transit-nachruestset\" class=\"wc-block-grid__product-link\">\n\t\t\t\t\t\n\t\t\t\t\t<div class=\"wc-block-grid__product-image\"><img loading=\"lazy\" decoding=\"async\" width=\"300\" height=\"300\" src=\"https:\/\/converscam.de\/wp-content\/uploads\/2021\/04\/Heckkamera-300x300.jpg\" class=\"attachment-woocommerce_thumbnail size-woocommerce_thumbnail\" alt=\"R\u00fcckfahrkamera Universal Transit Nachr\u00fcstset\" srcset=\"https:\/\/converscam.de\/wp-content\/uploads\/2021\/04\/Heckkamera-300x300.jpg 300w, https:\/\/converscam.de\/wp-content\/uploads\/2021\/04\/Heckkamera-150x150.jpg 150w, https:\/\/converscam.de\/wp-content\/uploads\/2021\/04\/Heckkamera-250x250.jpg 250w, https:\/\/converscam.de\/wp-content\/uploads\/2021\/04\/Heckkamera-100x100.jpg 100w\" sizes=\"(max-width: 300px) 100vw, 300px\" \/><\/div>\n\t\t\t\t\t<div class=\"wc-block-grid__product-title\">R\u00fcckfahrkamera Universal Transit Nachr\u00fcstset<\/div>\n\t\t\t\t<\/a>\n\t\t\t\t<div class=\"wc-block-grid__product-price price\"><span class=\"woocommerce-Price-amount amount\"><span class=\"woocommerce-Price-currencySymbol\">&euro;<\/span>259,00<\/span><\/div>\n\t\t\t\t\n\t\t\t\t<div class=\"wp-block-button wc-block-grid__product-add-to-cart\"><a href=\"\/index.php?rest_route=%2Fwp%2Fv2%2Fpages%2F204&#038;add-to-cart=326\" aria-label=\"In den Warenkorb legen: \u201eR\u00fcckfahrkamera Universal Transit Nachr\u00fcstset\u201c\" data-quantity=\"1\" data-product_id=\"326\" data-product_sku=\"Nachr\u00fcst_Transit_Heckkamera\" data-price=\"259\" rel=\"nofollow\" class=\"wp-block-button__link  add_to_cart_button ajax_add_to_cart\">In den Warenkorb<\/a><\/div>\n\t\t\t<\/li><li class=\"wc-block-grid__product\">\n\t\t\t\t<a href=\"https:\/\/converscam.de\/?product=rueckfahrkamera-universal-nachruestset\" class=\"wc-block-grid__product-link\">\n\t\t\t\t\t\n\t\t\t\t\t<div class=\"wc-block-grid__product-image\"><img loading=\"lazy\" decoding=\"async\" width=\"300\" height=\"300\" src=\"https:\/\/converscam.de\/wp-content\/uploads\/2021\/04\/Heckkamera-300x300.jpg\" class=\"attachment-woocommerce_thumbnail size-woocommerce_thumbnail\" alt=\"R\u00fcckfahrkamera Universal Nachr\u00fcstset\" srcset=\"https:\/\/converscam.de\/wp-content\/uploads\/2021\/04\/Heckkamera-300x300.jpg 300w, https:\/\/converscam.de\/wp-content\/uploads\/2021\/04\/Heckkamera-150x150.jpg 150w, https:\/\/converscam.de\/wp-content\/uploads\/2021\/04\/Heckkamera-250x250.jpg 250w, https:\/\/converscam.de\/wp-content\/uploads\/2021\/04\/Heckkamera-100x100.jpg 100w\" sizes=\"(max-width: 300px) 100vw, 300px\" \/><\/div>\n\t\t\t\t\t<div class=\"wc-block-grid__product-title\">R\u00fcckfahrkamera Universal Nachr\u00fcstset<\/div>\n\t\t\t\t<\/a>\n\t\t\t\t<div class=\"wc-block-grid__product-price price\"><span class=\"woocommerce-Price-amount amount\"><span class=\"woocommerce-Price-currencySymbol\">&euro;<\/span>259,00<\/span><\/div>\n\t\t\t\t\n\t\t\t\t<div class=\"wp-block-button wc-block-grid__product-add-to-cart\"><a href=\"\/index.php?rest_route=%2Fwp%2Fv2%2Fpages%2F204&#038;add-to-cart=322\" aria-label=\"In den Warenkorb legen: \u201eR\u00fcckfahrkamera Universal Nachr\u00fcstset\u201c\" data-quantity=\"1\" data-product_id=\"322\" data-product_sku=\"Nachr\u00fcst_Heckkamera\" data-price=\"259\" rel=\"nofollow\" class=\"wp-block-button__link  add_to_cart_button ajax_add_to_cart\">In den Warenkorb<\/a><\/div>\n\t\t\t<\/li><li class=\"wc-block-grid__product\">\n\t\t\t\t<a href=\"https:\/\/converscam.de\/?product=cm327-adapter\" class=\"wc-block-grid__product-link\">\n\t\t\t\t\t\n\t\t\t\t\t<div class=\"wc-block-grid__product-image\"><img loading=\"lazy\" decoding=\"async\" width=\"300\" height=\"300\" src=\"https:\/\/converscam.de\/wp-content\/uploads\/2021\/04\/CM327_1-300x300.jpg\" class=\"attachment-woocommerce_thumbnail size-woocommerce_thumbnail\" alt=\"ELS Adapter\" srcset=\"https:\/\/converscam.de\/wp-content\/uploads\/2021\/04\/CM327_1-300x300.jpg 300w, https:\/\/converscam.de\/wp-content\/uploads\/2021\/04\/CM327_1-150x150.jpg 150w, https:\/\/converscam.de\/wp-content\/uploads\/2021\/04\/CM327_1-250x250.jpg 250w, https:\/\/converscam.de\/wp-content\/uploads\/2021\/04\/CM327_1-100x100.jpg 100w\" sizes=\"(max-width: 300px) 100vw, 300px\" \/><\/div>\n\t\t\t\t\t<div class=\"wc-block-grid__product-title\">ELS Adapter<\/div>\n\t\t\t\t<\/a>\n\t\t\t\t<div class=\"wc-block-grid__product-price price\"><span class=\"woocommerce-Price-amount amount\"><span class=\"woocommerce-Price-currencySymbol\">&euro;<\/span>59,95<\/span><\/div>\n\t\t\t\t\n\t\t\t\t<div class=\"wp-block-button wc-block-grid__product-add-to-cart\"><a href=\"\/index.php?rest_route=%2Fwp%2Fv2%2Fpages%2F204&#038;add-to-cart=319\" aria-label=\"In den Warenkorb legen: \u201eELS Adapter\u201c\" data-quantity=\"1\" data-product_id=\"319\" data-product_sku=\"\" data-price=\"59.95\" rel=\"nofollow\" class=\"wp-block-button__link  add_to_cart_button ajax_add_to_cart\">In den Warenkorb<\/a><\/div>\n\t\t\t<\/li><\/ul><\/div><\/p>\n<p><\/p>\t\t\t\t\t\t\t\t<\/div>\n\t\t\t\t<\/div>\n\t\t\t\t\t<\/div>\n\t\t<\/div>\n\t\t\t\t\t<\/div>\n\t\t<\/section>\n\t\t\t\t<\/div>\n\t\t","protected":false},"excerpt":{"rendered":"<p>Neuestes Produkt, auf Lager verf\u00fcgbar!! Neueste Produkte<\/p>\n","protected":false},"author":2,"featured_media":0,"parent":0,"menu_order":0,"comment_status":"closed","ping_status":"closed","template":"","meta":{"footnotes":""},"class_list":["post-204","page","type-page","status-publish","hentry"],"_links":{"self":[{"href":"https:\/\/converscam.de\/index.php?rest_route=\/wp\/v2\/pages\/204","targetHints":{"allow":["GET"]}}],"collection":[{"href":"https:\/\/converscam.de\/index.php?rest_route=\/wp\/v2\/pages"}],"about":[{"href":"https:\/\/converscam.de\/index.php?rest_route=\/wp\/v2\/types\/page"}],"author":[{"embeddable":true,"href":"https:\/\/converscam.de\/index.php?rest_route=\/wp\/v2\/users\/2"}],"replies":[{"embeddable":true,"href":"https:\/\/converscam.de\/index.php?rest_route=%2Fwp%2Fv2%2Fcomments&post=204"}],"version-history":[{"count":18,"href":"https:\/\/converscam.de\/index.php?rest_route=\/wp\/v2\/pages\/204\/revisions"}],"predecessor-version":[{"id":541,"href":"https:\/\/converscam.de\/index.php?rest_route=\/wp\/v2\/pages\/204\/revisions\/541"}],"wp:attachment":[{"href":"https:\/\/converscam.de\/index.php?rest_route=%2Fwp%2Fv2%2Fmedia&parent=204"}],"curies":[{"name":"wp","href":"https:\/\/api.w.org\/{rel}","templated":true}]}}