{"id":2,"date":"2016-05-10T03:48:21","date_gmt":"2016-05-10T03:48:21","guid":{"rendered":"http:\/\/converscam.de\/?page_id=2"},"modified":"2023-08-27T10:52:21","modified_gmt":"2023-08-27T10:52:21","slug":"sample-page","status":"publish","type":"page","link":"https:\/\/converscam.de\/?page_id=2","title":{"rendered":"\u00dcber uns"},"content":{"rendered":"<p>Seit 2019 sind wir offiziell ein Eingetragenes Unternehmen.<\/p>\n<p>Mit der Idee kam die Gr\u00fcndung von Converscam.<br \/>\nMit dem Kauf eines eigenen Ford Fahrzeugs, kam die Idee diese schnell und unkompliziert nachzur\u00fcsten und gleichzeitig die Kamera ins vorhandene Sync3 zu integrieren. Mein damaliger Ford H\u00e4ndler, verneinte die Nachr\u00fcstung und sprach von einer unm\u00f6glichen Umsetzung. Dies haben wir uns zum Ziel gemacht. Mit Codierungen wurden dann viele weitere Sachen am Fahrzeug nachger\u00fcstet und freigeschaltet.<\/p>\n<p>Mit der Aufnahme ins Conversmod-Team, wurde die Entwicklung in ein Front Kamera System entworfen was sich bis heute sehr bew\u00e4hrt hat. Umr\u00fcstungen von Sync2 auf Sync3, sind mittlerweile ein Kinderspiel f\u00fcr uns und lassen sich ebenfalls schnell und unkompliziert umsetzen. Mit dem Zuwachs der einzelnen Standorte wurden wir st\u00e4rker und bauen fast w\u00f6chentlich an vielen Standorten R\u00fcckfahrkameras ein.<\/p>\n<p>Auch die Treue, der mittlerweile \u00fcber 47 Ford Fach H\u00e4ndlern gaben uns Kraft noch besser zu werden.<br \/>\nMittlerweile bieten wir nicht nur die kosteng\u00fcnstige Nachr\u00fcstl\u00f6sung an, nein wir setzen auf Qualit\u00e4t und r\u00fcsten ein originales System mit einem individuellen Kabelbaum mit mit lenkenden Linien an.<\/p>\n<p>Haben Sie Fragen?\u00a0 Sprechen Sie uns an&#8230;<\/p>\n","protected":false},"excerpt":{"rendered":"<p>Seit 2019 sind wir offiziell ein Eingetragenes Unternehmen. Mit der Idee kam die Gr\u00fcndung von Converscam. Mit dem Kauf eines eigenen Ford Fahrzeugs, kam die Idee diese schnell und unkompliziert nachzur\u00fcsten und gleichzeitig die Kamera ins vorhandene Sync3 zu integrieren. Mein damaliger Ford H\u00e4ndler, verneinte die Nachr\u00fcstung und sprach von einer unm\u00f6glichen Umsetzung. Dies haben [&hellip;]<\/p>\n","protected":false},"author":1,"featured_media":0,"parent":0,"menu_order":0,"comment_status":"closed","ping_status":"closed","template":"","meta":{"footnotes":""},"class_list":["post-2","page","type-page","status-publish","hentry"],"_links":{"self":[{"href":"https:\/\/converscam.de\/index.php?rest_route=\/wp\/v2\/pages\/2","targetHints":{"allow":["GET"]}}],"collection":[{"href":"https:\/\/converscam.de\/index.php?rest_route=\/wp\/v2\/pages"}],"about":[{"href":"https:\/\/converscam.de\/index.php?rest_route=\/wp\/v2\/types\/page"}],"author":[{"embeddable":true,"href":"https:\/\/converscam.de\/index.php?rest_route=\/wp\/v2\/users\/1"}],"replies":[{"embeddable":true,"href":"https:\/\/converscam.de\/index.php?rest_route=%2Fwp%2Fv2%2Fcomments&post=2"}],"version-history":[{"count":5,"href":"https:\/\/converscam.de\/index.php?rest_route=\/wp\/v2\/pages\/2\/revisions"}],"predecessor-version":[{"id":463,"href":"https:\/\/converscam.de\/index.php?rest_route=\/wp\/v2\/pages\/2\/revisions\/463"}],"wp:attachment":[{"href":"https:\/\/converscam.de\/index.php?rest_route=%2Fwp%2Fv2%2Fmedia&parent=2"}],"curies":[{"name":"wp","href":"https:\/\/api.w.org\/{rel}","templated":true}]}}